{"id":48,"date":"2021-08-27T12:09:14","date_gmt":"2021-08-27T10:09:14","guid":{"rendered":"http:\/\/mstudio.rybnik.pl\/?page_id=48"},"modified":"2025-11-02T19:19:47","modified_gmt":"2025-11-02T18:19:47","slug":"uslugi","status":"publish","type":"page","link":"https:\/\/mstudio.rybnik.pl\/index.php\/uslugi\/","title":{"rendered":"Oferta"},"content":{"rendered":"\t\t<div data-elementor-type=\"wp-page\" data-elementor-id=\"48\" class=\"elementor elementor-48\">\n\t\t\t\t\t\t<section class=\"elementor-section elementor-top-section elementor-element elementor-element-cee97c0 elementor-section-height-min-height elementor-section-boxed elementor-section-height-default elementor-section-items-middle\" data-id=\"cee97c0\" data-element_type=\"section\" data-settings=\"{&quot;background_background&quot;:&quot;classic&quot;}\">\n\t\t\t\t\t\t<div class=\"elementor-container elementor-column-gap-default\">\n\t\t\t\t\t<div class=\"elementor-column elementor-col-50 elementor-top-column elementor-element elementor-element-37d6094\" data-id=\"37d6094\" data-element_type=\"column\">\n\t\t\t<div class=\"elementor-widget-wrap elementor-element-populated\">\n\t\t\t\t\t\t<div class=\"elementor-element elementor-element-1c081e0 elementor-widget elementor-widget-text-editor\" data-id=\"1c081e0\" data-element_type=\"widget\" data-widget_type=\"text-editor.default\">\n\t\t\t\t<div class=\"elementor-widget-container\">\n\t\t\t\t\t\t\t\t\t<h1>Podologia<\/h1><ul><li>konsultacja podologiczna<\/li><li>podstawowy zabieg podologiczny \/ pedicure podologiczny (opracowanie paznokci &#8211; skr\u00f3cenie, oszlifowanie i wyg\u0142adzenie, odsuni\u0119cie i wyci\u0119cie sk\u00f3rek, oczyszczenie wa\u0142\u00f3w paznokciowych, usuni\u0119cie zrogowace\u0144, wyg\u0142adzenie podeszwy st\u00f3p wraz z na\u0142o\u017ceniem specjalistycznego preparatu)<\/li><li>pedicure kosmetyczny<\/li><li>usuwanie zrogowace\u0144 oraz opracowanie rozpadlin z pi\u0119t<\/li><li>usuwanie odcisk\u00f3w<\/li><li>podcinanie wrastaj\u0105cych paznokci<\/li><li>zak\u0142adanie klamry tytanowej na wrastaj\u0105cy paznokie\u0107<\/li><li>zak\u0142adanie tamponady przy wrastaj\u0105cym paznokciu<\/li><li>opracowywanie paznokci w stopach<\/li><li>terapia usuwania brodawek wirusowych<\/li><\/ul>\t\t\t\t\t\t\t\t<\/div>\n\t\t\t\t<\/div>\n\t\t\t\t\t<\/div>\n\t\t<\/div>\n\t\t\t\t<div class=\"elementor-column elementor-col-50 elementor-top-column elementor-element elementor-element-2f7bcfa\" data-id=\"2f7bcfa\" data-element_type=\"column\">\n\t\t\t<div class=\"elementor-widget-wrap elementor-element-populated\">\n\t\t\t\t\t\t<div class=\"elementor-element elementor-element-91c32af elementor-widget elementor-widget-text-editor\" data-id=\"91c32af\" data-element_type=\"widget\" data-widget_type=\"text-editor.default\">\n\t\t\t\t<div class=\"elementor-widget-container\">\n\t\t\t\t\t\t\t\t\t<h1>Kosmetyka<\/h1><ul><li>japo\u0144ski masa\u017c twarzy Kobido<\/li><li>korea\u0144ski masa\u017c twarzy Korugi<\/li><li>masa\u017c relaksacyjny twarzy, szyi, dekoltu, karku<\/li><li>peeling kawitacyjny twarzy<\/li><li>sonoforeza twarzy<\/li><li>nanobrazja twarzy<\/li><li>mikrodermabrazja twarzy<\/li><li>peeling chemiczny twarzy (eksfoliacja kwasami)<\/li><li>paznokcie hybrydowe w d\u0142oniach i stopach<\/li><li>\u015bci\u0105ganie stylizacji hybrydowej\/\u017celowej<\/li><li>depilacja twarzy (w\u0105sik, broda policzki)<\/li><li>henna i regulacja brwi<\/li><\/ul>\t\t\t\t\t\t\t\t<\/div>\n\t\t\t\t<\/div>\n\t\t\t\t\t<\/div>\n\t\t<\/div>\n\t\t\t\t\t<\/div>\n\t\t<\/section>\n\t\t\t\t<section class=\"elementor-section elementor-top-section elementor-element elementor-element-7f63043 elementor-section-boxed elementor-section-height-default elementor-section-height-default\" data-id=\"7f63043\" data-element_type=\"section\" data-settings=\"{&quot;background_background&quot;:&quot;classic&quot;}\">\n\t\t\t\t\t\t<div class=\"elementor-container elementor-column-gap-no\">\n\t\t\t\t\t<div class=\"elementor-column elementor-col-100 elementor-top-column elementor-element elementor-element-65cce79\" data-id=\"65cce79\" data-element_type=\"column\">\n\t\t\t<div class=\"elementor-widget-wrap elementor-element-populated\">\n\t\t\t\t\t\t<div class=\"elementor-element elementor-element-4c73c4a elementor-widget elementor-widget-google_maps\" data-id=\"4c73c4a\" data-element_type=\"widget\" data-widget_type=\"google_maps.default\">\n\t\t\t\t<div class=\"elementor-widget-container\">\n\t\t\t\t\t\t\t<div class=\"elementor-custom-embed\">\n\t\t\t<iframe loading=\"lazy\"\n\t\t\t\t\tsrc=\"https:\/\/maps.google.com\/maps?q=M%20Studio%20Miros%C5%82awa%20Brocka%2C%2044-217%2C%20rybnik&#038;t=m&#038;z=18&#038;output=embed&#038;iwloc=near\"\n\t\t\t\t\ttitle=\"M Studio Miros\u0142awa Brocka, 44-217, rybnik\"\n\t\t\t\t\taria-label=\"M Studio Miros\u0142awa Brocka, 44-217, rybnik\"\n\t\t\t><\/iframe>\n\t\t<\/div>\n\t\t\t\t\t\t<\/div>\n\t\t\t\t<\/div>\n\t\t\t\t<section class=\"elementor-section elementor-inner-section elementor-element elementor-element-02778b6 elementor-section-content-middle elementor-section-boxed elementor-section-height-default elementor-section-height-default\" data-id=\"02778b6\" data-element_type=\"section\" data-settings=\"{&quot;background_background&quot;:&quot;classic&quot;}\">\n\t\t\t\t\t\t<div class=\"elementor-container elementor-column-gap-no\">\n\t\t\t\t\t<div class=\"elementor-column elementor-col-50 elementor-inner-column elementor-element elementor-element-9d069a0\" data-id=\"9d069a0\" data-element_type=\"column\">\n\t\t\t<div class=\"elementor-widget-wrap elementor-element-populated\">\n\t\t\t\t\t\t<div class=\"elementor-element elementor-element-c46de4b elementor-widget elementor-widget-heading\" data-id=\"c46de4b\" data-element_type=\"widget\" data-widget_type=\"heading.default\">\n\t\t\t\t<div class=\"elementor-widget-container\">\n\t\t\t\t\t<h4 class=\"elementor-heading-title elementor-size-default\">Lokalizacja<\/h4>\t\t\t\t<\/div>\n\t\t\t\t<\/div>\n\t\t\t\t<div class=\"elementor-element elementor-element-270440f elementor-widget elementor-widget-text-editor\" data-id=\"270440f\" data-element_type=\"widget\" data-widget_type=\"text-editor.default\">\n\t\t\t\t<div class=\"elementor-widget-container\">\n\t\t\t\t\t\t\t\t\t<p>ul. Kardyna\u0142a Boles\u0142awa Kominka 43b\u00a0<br \/>44-217 Rybnik<\/p>\t\t\t\t\t\t\t\t<\/div>\n\t\t\t\t<\/div>\n\t\t\t\t\t<\/div>\n\t\t<\/div>\n\t\t\t\t<div class=\"elementor-column elementor-col-50 elementor-inner-column elementor-element elementor-element-8d68d8a\" data-id=\"8d68d8a\" data-element_type=\"column\">\n\t\t\t<div class=\"elementor-widget-wrap elementor-element-populated\">\n\t\t\t\t\t\t<div class=\"elementor-element elementor-element-5a86afa elementor-widget elementor-widget-heading\" data-id=\"5a86afa\" data-element_type=\"widget\" data-widget_type=\"heading.default\">\n\t\t\t\t<div class=\"elementor-widget-container\">\n\t\t\t\t\t<h4 class=\"elementor-heading-title elementor-size-default\">Kontakt<\/h4>\t\t\t\t<\/div>\n\t\t\t\t<\/div>\n\t\t\t\t<div class=\"elementor-element elementor-element-038197a elementor-widget elementor-widget-text-editor\" data-id=\"038197a\" data-element_type=\"widget\" data-widget_type=\"text-editor.default\">\n\t\t\t\t<div class=\"elementor-widget-container\">\n\t\t\t\t\t\t\t\t\t<p>+48 515 711 312<br \/>Email: mirka@mstudio.rybnik.pl<\/p>\t\t\t\t\t\t\t\t<\/div>\n\t\t\t\t<\/div>\n\t\t\t\t\t<\/div>\n\t\t<\/div>\n\t\t\t\t\t<\/div>\n\t\t<\/section>\n\t\t\t\t<div class=\"elementor-element elementor-element-5851546 elementor-shape-rounded elementor-grid-0 e-grid-align-center elementor-widget elementor-widget-social-icons\" data-id=\"5851546\" data-element_type=\"widget\" data-widget_type=\"social-icons.default\">\n\t\t\t\t<div class=\"elementor-widget-container\">\n\t\t\t\t\t\t\t<div class=\"elementor-social-icons-wrapper elementor-grid\" role=\"list\">\n\t\t\t\t\t\t\t<span class=\"elementor-grid-item\" role=\"listitem\">\n\t\t\t\t\t<a class=\"elementor-icon elementor-social-icon elementor-social-icon-facebook-f elementor-animation-grow elementor-repeater-item-9c86cde\" href=\"https:\/\/www.facebook.com\/profile.php?id=100072854056627\" target=\"_blank\">\n\t\t\t\t\t\t<span class=\"elementor-screen-only\">Facebook-f<\/span>\n\t\t\t\t\t\t<i aria-hidden=\"true\" class=\"fab fa-facebook-f\"><\/i>\t\t\t\t\t<\/a>\n\t\t\t\t<\/span>\n\t\t\t\t\t\t\t<span class=\"elementor-grid-item\" role=\"listitem\">\n\t\t\t\t\t<a class=\"elementor-icon elementor-social-icon elementor-social-icon-instagram elementor-animation-grow elementor-repeater-item-d9a9500\" href=\"https:\/\/www.instagram.com\/m_studio_rybnik\/\" target=\"_blank\">\n\t\t\t\t\t\t<span class=\"elementor-screen-only\">Instagram<\/span>\n\t\t\t\t\t\t<i aria-hidden=\"true\" class=\"fab fa-instagram\"><\/i>\t\t\t\t\t<\/a>\n\t\t\t\t<\/span>\n\t\t\t\t\t\t\t<span class=\"elementor-grid-item\" role=\"listitem\">\n\t\t\t\t\t<a class=\"elementor-icon elementor-social-icon elementor-social-icon-tiktok elementor-animation-grow elementor-repeater-item-8f0c1af\" href=\"https:\/\/www.tiktok.com\/@mstudiorybnik\" target=\"_blank\">\n\t\t\t\t\t\t<span class=\"elementor-screen-only\">Tiktok<\/span>\n\t\t\t\t\t\t<i aria-hidden=\"true\" class=\"fab fa-tiktok\"><\/i>\t\t\t\t\t<\/a>\n\t\t\t\t<\/span>\n\t\t\t\t\t<\/div>\n\t\t\t\t\t\t<\/div>\n\t\t\t\t<\/div>\n\t\t\t\t\t<\/div>\n\t\t<\/div>\n\t\t\t\t\t<\/div>\n\t\t<\/section>\n\t\t\t\t<\/div>\n\t\t","protected":false},"excerpt":{"rendered":"<p>Podologia konsultacja podologiczna podstawowy zabieg podologiczny \/ pedicure podologiczny (opracowanie paznokci &#8211; skr\u00f3cenie, oszlifowanie i wyg\u0142adzenie, odsuni\u0119cie i wyci\u0119cie sk\u00f3rek, oczyszczenie wa\u0142\u00f3w paznokciowych, usuni\u0119cie zrogowace\u0144, wyg\u0142adzenie podeszwy st\u00f3p wraz z na\u0142o\u017ceniem specjalistycznego preparatu) pedicure kosmetyczny usuwanie zrogowace\u0144 oraz opracowanie rozpadlin z pi\u0119t usuwanie odcisk\u00f3w podcinanie wrastaj\u0105cych paznokci zak\u0142adanie klamry tytanowej na wrastaj\u0105cy paznokie\u0107 zak\u0142adanie tamponady [&hellip;]<\/p>\n","protected":false},"author":1,"featured_media":0,"parent":0,"menu_order":0,"comment_status":"closed","ping_status":"closed","template":"","meta":{"footnotes":""},"class_list":["post-48","page","type-page","status-publish","hentry"],"yoast_head":"<!-- This site is optimized with the Yoast SEO plugin v26.2 - https:\/\/yoast.com\/wordpress\/plugins\/seo\/ -->\n<title>Oferta - M Studio podologia i kosmetyka<\/title>\n<meta name=\"description\" content=\"Profesjonalne zabiegi dla zdrowia i urody st\u00f3p. Pedicure podologiczny, usuwanie odcisk\u00f3w, terapia wrastaj\u0105cych paznokci. Zapraszam.\" \/>\n<meta name=\"robots\" content=\"index, follow, max-snippet:-1, max-image-preview:large, max-video-preview:-1\" \/>\n<link rel=\"canonical\" href=\"https:\/\/mstudio.rybnik.pl\/index.php\/uslugi\/\" \/>\n<meta property=\"og:locale\" content=\"pl_PL\" \/>\n<meta property=\"og:type\" content=\"article\" \/>\n<meta property=\"og:title\" content=\"Oferta - M Studio podologia i kosmetyka\" \/>\n<meta property=\"og:description\" content=\"Profesjonalne zabiegi dla zdrowia i urody st\u00f3p. Pedicure podologiczny, usuwanie odcisk\u00f3w, terapia wrastaj\u0105cych paznokci. Zapraszam.\" \/>\n<meta property=\"og:url\" content=\"https:\/\/mstudio.rybnik.pl\/index.php\/uslugi\/\" \/>\n<meta property=\"og:site_name\" content=\"M Studio podologia i kosmetyka\" \/>\n<meta property=\"article:publisher\" content=\"https:\/\/www.facebook.com\/profile.php?id=100072854056627\" \/>\n<meta property=\"article:modified_time\" content=\"2025-11-02T18:19:47+00:00\" \/>\n<meta name=\"twitter:card\" content=\"summary_large_image\" \/>\n<meta name=\"twitter:label1\" content=\"Szacowany czas czytania\" \/>\n\t<meta name=\"twitter:data1\" content=\"1 minuta\" \/>\n<script type=\"application\/ld+json\" class=\"yoast-schema-graph\">{\"@context\":\"https:\/\/schema.org\",\"@graph\":[{\"@type\":\"WebPage\",\"@id\":\"https:\/\/mstudio.rybnik.pl\/index.php\/uslugi\/\",\"url\":\"https:\/\/mstudio.rybnik.pl\/index.php\/uslugi\/\",\"name\":\"Oferta - M Studio podologia i kosmetyka\",\"isPartOf\":{\"@id\":\"https:\/\/mstudio.rybnik.pl\/#website\"},\"datePublished\":\"2021-08-27T10:09:14+00:00\",\"dateModified\":\"2025-11-02T18:19:47+00:00\",\"description\":\"Profesjonalne zabiegi dla zdrowia i urody st\u00f3p. Pedicure podologiczny, usuwanie odcisk\u00f3w, terapia wrastaj\u0105cych paznokci. Zapraszam.\",\"breadcrumb\":{\"@id\":\"https:\/\/mstudio.rybnik.pl\/index.php\/uslugi\/#breadcrumb\"},\"inLanguage\":\"pl-PL\",\"potentialAction\":[{\"@type\":\"ReadAction\",\"target\":[\"https:\/\/mstudio.rybnik.pl\/index.php\/uslugi\/\"]}]},{\"@type\":\"BreadcrumbList\",\"@id\":\"https:\/\/mstudio.rybnik.pl\/index.php\/uslugi\/#breadcrumb\",\"itemListElement\":[{\"@type\":\"ListItem\",\"position\":1,\"name\":\"Strona g\u0142\u00f3wna\",\"item\":\"https:\/\/mstudio.rybnik.pl\/\"},{\"@type\":\"ListItem\",\"position\":2,\"name\":\"Oferta\"}]},{\"@type\":\"WebSite\",\"@id\":\"https:\/\/mstudio.rybnik.pl\/#website\",\"url\":\"https:\/\/mstudio.rybnik.pl\/\",\"name\":\"M Studio\",\"description\":\"podologia, kosmetyka\",\"publisher\":{\"@id\":\"https:\/\/mstudio.rybnik.pl\/#organization\"},\"potentialAction\":[{\"@type\":\"SearchAction\",\"target\":{\"@type\":\"EntryPoint\",\"urlTemplate\":\"https:\/\/mstudio.rybnik.pl\/?s={search_term_string}\"},\"query-input\":{\"@type\":\"PropertyValueSpecification\",\"valueRequired\":true,\"valueName\":\"search_term_string\"}}],\"inLanguage\":\"pl-PL\"},{\"@type\":\"Organization\",\"@id\":\"https:\/\/mstudio.rybnik.pl\/#organization\",\"name\":\"M Studio Miros\u0142awa Brocka\",\"url\":\"https:\/\/mstudio.rybnik.pl\/\",\"logo\":{\"@type\":\"ImageObject\",\"inLanguage\":\"pl-PL\",\"@id\":\"https:\/\/mstudio.rybnik.pl\/#\/schema\/logo\/image\/\",\"url\":\"https:\/\/mstudio.rybnik.pl\/wp-content\/uploads\/2021\/09\/cropped-MStudio-biale-logo.png\",\"contentUrl\":\"https:\/\/mstudio.rybnik.pl\/wp-content\/uploads\/2021\/09\/cropped-MStudio-biale-logo.png\",\"width\":500,\"height\":293,\"caption\":\"M Studio Miros\u0142awa Brocka\"},\"image\":{\"@id\":\"https:\/\/mstudio.rybnik.pl\/#\/schema\/logo\/image\/\"},\"sameAs\":[\"https:\/\/www.facebook.com\/profile.php?id=100072854056627\",\"https:\/\/www.instagram.com\/m_studio_rybnik\/\"]}]}<\/script>\n<!-- \/ Yoast SEO plugin. -->","yoast_head_json":{"title":"Oferta - M Studio podologia i kosmetyka","description":"Profesjonalne zabiegi dla zdrowia i urody st\u00f3p. Pedicure podologiczny, usuwanie odcisk\u00f3w, terapia wrastaj\u0105cych paznokci. Zapraszam.","robots":{"index":"index","follow":"follow","max-snippet":"max-snippet:-1","max-image-preview":"max-image-preview:large","max-video-preview":"max-video-preview:-1"},"canonical":"https:\/\/mstudio.rybnik.pl\/index.php\/uslugi\/","og_locale":"pl_PL","og_type":"article","og_title":"Oferta - M Studio podologia i kosmetyka","og_description":"Profesjonalne zabiegi dla zdrowia i urody st\u00f3p. Pedicure podologiczny, usuwanie odcisk\u00f3w, terapia wrastaj\u0105cych paznokci. Zapraszam.","og_url":"https:\/\/mstudio.rybnik.pl\/index.php\/uslugi\/","og_site_name":"M Studio podologia i kosmetyka","article_publisher":"https:\/\/www.facebook.com\/profile.php?id=100072854056627","article_modified_time":"2025-11-02T18:19:47+00:00","twitter_card":"summary_large_image","twitter_misc":{"Szacowany czas czytania":"1 minuta"},"schema":{"@context":"https:\/\/schema.org","@graph":[{"@type":"WebPage","@id":"https:\/\/mstudio.rybnik.pl\/index.php\/uslugi\/","url":"https:\/\/mstudio.rybnik.pl\/index.php\/uslugi\/","name":"Oferta - M Studio podologia i kosmetyka","isPartOf":{"@id":"https:\/\/mstudio.rybnik.pl\/#website"},"datePublished":"2021-08-27T10:09:14+00:00","dateModified":"2025-11-02T18:19:47+00:00","description":"Profesjonalne zabiegi dla zdrowia i urody st\u00f3p. Pedicure podologiczny, usuwanie odcisk\u00f3w, terapia wrastaj\u0105cych paznokci. Zapraszam.","breadcrumb":{"@id":"https:\/\/mstudio.rybnik.pl\/index.php\/uslugi\/#breadcrumb"},"inLanguage":"pl-PL","potentialAction":[{"@type":"ReadAction","target":["https:\/\/mstudio.rybnik.pl\/index.php\/uslugi\/"]}]},{"@type":"BreadcrumbList","@id":"https:\/\/mstudio.rybnik.pl\/index.php\/uslugi\/#breadcrumb","itemListElement":[{"@type":"ListItem","position":1,"name":"Strona g\u0142\u00f3wna","item":"https:\/\/mstudio.rybnik.pl\/"},{"@type":"ListItem","position":2,"name":"Oferta"}]},{"@type":"WebSite","@id":"https:\/\/mstudio.rybnik.pl\/#website","url":"https:\/\/mstudio.rybnik.pl\/","name":"M Studio","description":"podologia, kosmetyka","publisher":{"@id":"https:\/\/mstudio.rybnik.pl\/#organization"},"potentialAction":[{"@type":"SearchAction","target":{"@type":"EntryPoint","urlTemplate":"https:\/\/mstudio.rybnik.pl\/?s={search_term_string}"},"query-input":{"@type":"PropertyValueSpecification","valueRequired":true,"valueName":"search_term_string"}}],"inLanguage":"pl-PL"},{"@type":"Organization","@id":"https:\/\/mstudio.rybnik.pl\/#organization","name":"M Studio Miros\u0142awa Brocka","url":"https:\/\/mstudio.rybnik.pl\/","logo":{"@type":"ImageObject","inLanguage":"pl-PL","@id":"https:\/\/mstudio.rybnik.pl\/#\/schema\/logo\/image\/","url":"https:\/\/mstudio.rybnik.pl\/wp-content\/uploads\/2021\/09\/cropped-MStudio-biale-logo.png","contentUrl":"https:\/\/mstudio.rybnik.pl\/wp-content\/uploads\/2021\/09\/cropped-MStudio-biale-logo.png","width":500,"height":293,"caption":"M Studio Miros\u0142awa Brocka"},"image":{"@id":"https:\/\/mstudio.rybnik.pl\/#\/schema\/logo\/image\/"},"sameAs":["https:\/\/www.facebook.com\/profile.php?id=100072854056627","https:\/\/www.instagram.com\/m_studio_rybnik\/"]}]}},"_links":{"self":[{"href":"https:\/\/mstudio.rybnik.pl\/index.php\/wp-json\/wp\/v2\/pages\/48","targetHints":{"allow":["GET"]}}],"collection":[{"href":"https:\/\/mstudio.rybnik.pl\/index.php\/wp-json\/wp\/v2\/pages"}],"about":[{"href":"https:\/\/mstudio.rybnik.pl\/index.php\/wp-json\/wp\/v2\/types\/page"}],"author":[{"embeddable":true,"href":"https:\/\/mstudio.rybnik.pl\/index.php\/wp-json\/wp\/v2\/users\/1"}],"replies":[{"embeddable":true,"href":"https:\/\/mstudio.rybnik.pl\/index.php\/wp-json\/wp\/v2\/comments?post=48"}],"version-history":[{"count":121,"href":"https:\/\/mstudio.rybnik.pl\/index.php\/wp-json\/wp\/v2\/pages\/48\/revisions"}],"predecessor-version":[{"id":982,"href":"https:\/\/mstudio.rybnik.pl\/index.php\/wp-json\/wp\/v2\/pages\/48\/revisions\/982"}],"wp:attachment":[{"href":"https:\/\/mstudio.rybnik.pl\/index.php\/wp-json\/wp\/v2\/media?parent=48"}],"curies":[{"name":"wp","href":"https:\/\/api.w.org\/{rel}","templated":true}]}}