{"id":50,"date":"2021-08-27T12:09:28","date_gmt":"2021-08-27T10:09:28","guid":{"rendered":"http:\/\/mstudio.rybnik.pl\/?page_id=50"},"modified":"2025-11-02T19:20:33","modified_gmt":"2025-11-02T18:20:33","slug":"dane-kontaktowe","status":"publish","type":"page","link":"https:\/\/mstudio.rybnik.pl\/index.php\/dane-kontaktowe\/","title":{"rendered":"Kontakt"},"content":{"rendered":"\t\t<div data-elementor-type=\"wp-page\" data-elementor-id=\"50\" class=\"elementor elementor-50\">\n\t\t\t\t\t\t<section class=\"elementor-section elementor-top-section elementor-element elementor-element-ac2c694 elementor-section-height-min-height elementor-section-boxed elementor-section-height-default elementor-section-items-middle\" data-id=\"ac2c694\" data-element_type=\"section\" data-settings=\"{&quot;background_background&quot;:&quot;classic&quot;}\">\n\t\t\t\t\t\t<div class=\"elementor-container elementor-column-gap-default\">\n\t\t\t\t\t<div class=\"elementor-column elementor-col-66 elementor-top-column elementor-element elementor-element-e6836b4\" data-id=\"e6836b4\" data-element_type=\"column\">\n\t\t\t<div class=\"elementor-widget-wrap elementor-element-populated\">\n\t\t\t\t\t\t<div class=\"elementor-element elementor-element-ba39d5b elementor-widget elementor-widget-image\" data-id=\"ba39d5b\" data-element_type=\"widget\" data-widget_type=\"image.default\">\n\t\t\t\t<div class=\"elementor-widget-container\">\n\t\t\t\t\t\t\t\t\t\t\t\t\t\t\t<img fetchpriority=\"high\" decoding=\"async\" width=\"216\" height=\"300\" src=\"https:\/\/mstudio.rybnik.pl\/wp-content\/uploads\/2021\/08\/Mirka-profil-twarz-216x300.jpg\" class=\"attachment-medium size-medium wp-image-385\" alt=\"\" srcset=\"https:\/\/mstudio.rybnik.pl\/wp-content\/uploads\/2021\/08\/Mirka-profil-twarz-216x300.jpg 216w, https:\/\/mstudio.rybnik.pl\/wp-content\/uploads\/2021\/08\/Mirka-profil-twarz-737x1024.jpg 737w, https:\/\/mstudio.rybnik.pl\/wp-content\/uploads\/2021\/08\/Mirka-profil-twarz-768x1068.jpg 768w, https:\/\/mstudio.rybnik.pl\/wp-content\/uploads\/2021\/08\/Mirka-profil-twarz-1105x1536.jpg 1105w, https:\/\/mstudio.rybnik.pl\/wp-content\/uploads\/2021\/08\/Mirka-profil-twarz-1473x2048.jpg 1473w, https:\/\/mstudio.rybnik.pl\/wp-content\/uploads\/2021\/08\/Mirka-profil-twarz-scaled.jpg 1842w\" sizes=\"(max-width: 216px) 100vw, 216px\" \/>\t\t\t\t\t\t\t\t\t\t\t\t\t\t\t<\/div>\n\t\t\t\t<\/div>\n\t\t\t\t\t<\/div>\n\t\t<\/div>\n\t\t\t\t<div class=\"elementor-column elementor-col-33 elementor-top-column elementor-element elementor-element-8d32db8\" data-id=\"8d32db8\" data-element_type=\"column\">\n\t\t\t<div class=\"elementor-widget-wrap elementor-element-populated\">\n\t\t\t\t\t\t<div class=\"elementor-element elementor-element-8104cfd elementor-widget__width-inherit elementor-widget elementor-widget-text-editor\" data-id=\"8104cfd\" data-element_type=\"widget\" data-widget_type=\"text-editor.default\">\n\t\t\t\t<div class=\"elementor-widget-container\">\n\t\t\t\t\t\t\t\t\t<p><strong>\u00a0<\/strong><\/p><p><strong>M Studio Miros\u0142awa Brocka<\/strong><\/p><p><strong>tel. +48 515 711 312<\/strong><\/p><p><strong>ul.\u00a0 Kardyna\u0142a Boles\u0142awa Kominka 43b<\/strong><\/p><p><strong>44-217 Rybnik<\/strong><\/p><p><strong>NIP: 642 311 94 73<\/strong><\/p><p><strong>mirka@mstudio.rybnik.pl<\/strong><\/p>\t\t\t\t\t\t\t\t<\/div>\n\t\t\t\t<\/div>\n\t\t\t\t<div class=\"elementor-element elementor-element-f40875a elementor-align-left elementor-widget elementor-widget-button\" data-id=\"f40875a\" data-element_type=\"widget\" data-widget_type=\"button.default\">\n\t\t\t\t<div class=\"elementor-widget-container\">\n\t\t\t\t\t\t\t\t\t<div class=\"elementor-button-wrapper\">\n\t\t\t\t\t<a class=\"elementor-button elementor-button-link elementor-size-lg\" href=\"http:\/\/mstudiomiroslawabrocka.booksy.com\">\n\t\t\t\t\t\t<span class=\"elementor-button-content-wrapper\">\n\t\t\t\t\t\t<span class=\"elementor-button-icon\">\n\t\t\t\t<i aria-hidden=\"true\" class=\"far fa-calendar-alt\"><\/i>\t\t\t<\/span>\n\t\t\t\t\t\t\t\t\t<span class=\"elementor-button-text\">Zarezerwuj wizyt\u0119 online na Booksy<\/span>\n\t\t\t\t\t<\/span>\n\t\t\t\t\t<\/a>\n\t\t\t\t<\/div>\n\t\t\t\t\t\t\t\t<\/div>\n\t\t\t\t<\/div>\n\t\t\t\t\t<\/div>\n\t\t<\/div>\n\t\t\t\t\t<\/div>\n\t\t<\/section>\n\t\t\t\t<section class=\"elementor-section elementor-top-section elementor-element elementor-element-30acc4c4 elementor-section-boxed elementor-section-height-default elementor-section-height-default\" data-id=\"30acc4c4\" data-element_type=\"section\" data-settings=\"{&quot;background_background&quot;:&quot;classic&quot;}\">\n\t\t\t\t\t\t<div class=\"elementor-container elementor-column-gap-no\">\n\t\t\t\t\t<div class=\"elementor-column elementor-col-100 elementor-top-column elementor-element elementor-element-1ade712c\" data-id=\"1ade712c\" data-element_type=\"column\">\n\t\t\t<div class=\"elementor-widget-wrap elementor-element-populated\">\n\t\t\t\t\t\t<div class=\"elementor-element elementor-element-61bc07da elementor-widget elementor-widget-google_maps\" data-id=\"61bc07da\" data-element_type=\"widget\" data-widget_type=\"google_maps.default\">\n\t\t\t\t<div class=\"elementor-widget-container\">\n\t\t\t\t\t\t\t<div class=\"elementor-custom-embed\">\n\t\t\t<iframe loading=\"lazy\"\n\t\t\t\t\tsrc=\"https:\/\/maps.google.com\/maps?q=M%20Studio%20Miros%C5%82awa%20Brocka%2C%2044-217%2C%20rybnik&#038;t=m&#038;z=18&#038;output=embed&#038;iwloc=near\"\n\t\t\t\t\ttitle=\"M Studio Miros\u0142awa Brocka, 44-217, rybnik\"\n\t\t\t\t\taria-label=\"M Studio Miros\u0142awa Brocka, 44-217, rybnik\"\n\t\t\t><\/iframe>\n\t\t<\/div>\n\t\t\t\t\t\t<\/div>\n\t\t\t\t<\/div>\n\t\t\t\t<section class=\"elementor-section elementor-inner-section elementor-element elementor-element-7e432a2a elementor-section-content-middle elementor-section-boxed elementor-section-height-default elementor-section-height-default\" data-id=\"7e432a2a\" data-element_type=\"section\" data-settings=\"{&quot;background_background&quot;:&quot;classic&quot;}\">\n\t\t\t\t\t\t<div class=\"elementor-container elementor-column-gap-no\">\n\t\t\t\t\t<div class=\"elementor-column elementor-col-50 elementor-inner-column elementor-element elementor-element-4cf52083\" data-id=\"4cf52083\" data-element_type=\"column\">\n\t\t\t<div class=\"elementor-widget-wrap elementor-element-populated\">\n\t\t\t\t\t\t<div class=\"elementor-element elementor-element-4f85e48b elementor-widget elementor-widget-heading\" data-id=\"4f85e48b\" data-element_type=\"widget\" data-widget_type=\"heading.default\">\n\t\t\t\t<div class=\"elementor-widget-container\">\n\t\t\t\t\t<h4 class=\"elementor-heading-title elementor-size-default\">Lokalizacja<\/h4>\t\t\t\t<\/div>\n\t\t\t\t<\/div>\n\t\t\t\t<div class=\"elementor-element elementor-element-4e680619 elementor-widget elementor-widget-text-editor\" data-id=\"4e680619\" data-element_type=\"widget\" data-widget_type=\"text-editor.default\">\n\t\t\t\t<div class=\"elementor-widget-container\">\n\t\t\t\t\t\t\t\t\t<p>ul. Kardyna\u0142a Boles\u0142awa Kominka 43b\u00a0<br \/>44-217 Rybnik<\/p>\t\t\t\t\t\t\t\t<\/div>\n\t\t\t\t<\/div>\n\t\t\t\t\t<\/div>\n\t\t<\/div>\n\t\t\t\t<div class=\"elementor-column elementor-col-50 elementor-inner-column elementor-element elementor-element-7d6b01a9\" data-id=\"7d6b01a9\" data-element_type=\"column\">\n\t\t\t<div class=\"elementor-widget-wrap elementor-element-populated\">\n\t\t\t\t\t\t<div class=\"elementor-element elementor-element-2d5df5b5 elementor-widget elementor-widget-heading\" data-id=\"2d5df5b5\" data-element_type=\"widget\" data-widget_type=\"heading.default\">\n\t\t\t\t<div class=\"elementor-widget-container\">\n\t\t\t\t\t<h4 class=\"elementor-heading-title elementor-size-default\">Kontakt<\/h4>\t\t\t\t<\/div>\n\t\t\t\t<\/div>\n\t\t\t\t<div class=\"elementor-element elementor-element-782d3535 elementor-widget elementor-widget-text-editor\" data-id=\"782d3535\" data-element_type=\"widget\" data-widget_type=\"text-editor.default\">\n\t\t\t\t<div class=\"elementor-widget-container\">\n\t\t\t\t\t\t\t\t\t<p>+48 515 711 312<br \/>Email: mirka@mstudio.rybnik.pl<\/p>\t\t\t\t\t\t\t\t<\/div>\n\t\t\t\t<\/div>\n\t\t\t\t\t<\/div>\n\t\t<\/div>\n\t\t\t\t\t<\/div>\n\t\t<\/section>\n\t\t\t\t<div class=\"elementor-element elementor-element-29076b7 elementor-shape-rounded elementor-grid-0 e-grid-align-center elementor-widget elementor-widget-social-icons\" data-id=\"29076b7\" data-element_type=\"widget\" data-widget_type=\"social-icons.default\">\n\t\t\t\t<div class=\"elementor-widget-container\">\n\t\t\t\t\t\t\t<div class=\"elementor-social-icons-wrapper elementor-grid\" role=\"list\">\n\t\t\t\t\t\t\t<span class=\"elementor-grid-item\" role=\"listitem\">\n\t\t\t\t\t<a class=\"elementor-icon elementor-social-icon elementor-social-icon-facebook-f elementor-animation-grow elementor-repeater-item-9c86cde\" href=\"https:\/\/www.facebook.com\/profile.php?id=100072854056627\" target=\"_blank\">\n\t\t\t\t\t\t<span class=\"elementor-screen-only\">Facebook-f<\/span>\n\t\t\t\t\t\t<i aria-hidden=\"true\" class=\"fab fa-facebook-f\"><\/i>\t\t\t\t\t<\/a>\n\t\t\t\t<\/span>\n\t\t\t\t\t\t\t<span class=\"elementor-grid-item\" role=\"listitem\">\n\t\t\t\t\t<a class=\"elementor-icon elementor-social-icon elementor-social-icon-instagram elementor-animation-grow elementor-repeater-item-d9a9500\" href=\"https:\/\/www.instagram.com\/m_studio_rybnik\/\" target=\"_blank\">\n\t\t\t\t\t\t<span class=\"elementor-screen-only\">Instagram<\/span>\n\t\t\t\t\t\t<i aria-hidden=\"true\" class=\"fab fa-instagram\"><\/i>\t\t\t\t\t<\/a>\n\t\t\t\t<\/span>\n\t\t\t\t\t\t\t<span class=\"elementor-grid-item\" role=\"listitem\">\n\t\t\t\t\t<a class=\"elementor-icon elementor-social-icon elementor-social-icon-tiktok elementor-animation-grow elementor-repeater-item-8f0c1af\" href=\"https:\/\/www.tiktok.com\/@mstudiorybnik\" target=\"_blank\">\n\t\t\t\t\t\t<span class=\"elementor-screen-only\">Tiktok<\/span>\n\t\t\t\t\t\t<i aria-hidden=\"true\" class=\"fab fa-tiktok\"><\/i>\t\t\t\t\t<\/a>\n\t\t\t\t<\/span>\n\t\t\t\t\t<\/div>\n\t\t\t\t\t\t<\/div>\n\t\t\t\t<\/div>\n\t\t\t\t\t<\/div>\n\t\t<\/div>\n\t\t\t\t\t<\/div>\n\t\t<\/section>\n\t\t\t\t<\/div>\n\t\t","protected":false},"excerpt":{"rendered":"<p>\u00a0 M Studio Miros\u0142awa Brocka tel. +48 515 711 312 ul.\u00a0 Kardyna\u0142a Boles\u0142awa Kominka 43b 44-217 Rybnik NIP: 642 311 94 73 mirka@mstudio.rybnik.pl Zarezerwuj wizyt\u0119 online na Booksy Lokalizacja ul. Kardyna\u0142a Boles\u0142awa Kominka 43b\u00a044-217 Rybnik Kontakt +48 515 711 312Email: mirka@mstudio.rybnik.pl Facebook-f Instagram Tiktok<\/p>\n","protected":false},"author":1,"featured_media":0,"parent":0,"menu_order":0,"comment_status":"closed","ping_status":"closed","template":"","meta":{"footnotes":""},"class_list":["post-50","page","type-page","status-publish","hentry"],"yoast_head":"<!-- This site is optimized with the Yoast SEO plugin v26.2 - https:\/\/yoast.com\/wordpress\/plugins\/seo\/ -->\n<title>Kontakt - M Studio podologia i kosmetyka<\/title>\n<meta name=\"description\" content=\"Gabinet podologiczny M Studio Miros\u0142awa Brocka, ul. Kominka 43b, 44-217 Rybnik. tel. +48 515 711 312, mirka@mstudio.rybnik.pl\" \/>\n<meta name=\"robots\" content=\"index, follow, max-snippet:-1, max-image-preview:large, max-video-preview:-1\" \/>\n<link rel=\"canonical\" href=\"https:\/\/mstudio.rybnik.pl\/index.php\/dane-kontaktowe\/\" \/>\n<meta property=\"og:locale\" content=\"pl_PL\" \/>\n<meta property=\"og:type\" content=\"article\" \/>\n<meta property=\"og:title\" content=\"Kontakt - M Studio podologia i kosmetyka\" \/>\n<meta property=\"og:description\" content=\"Gabinet podologiczny M Studio Miros\u0142awa Brocka, ul. Kominka 43b, 44-217 Rybnik. tel. +48 515 711 312, mirka@mstudio.rybnik.pl\" \/>\n<meta property=\"og:url\" content=\"https:\/\/mstudio.rybnik.pl\/index.php\/dane-kontaktowe\/\" \/>\n<meta property=\"og:site_name\" content=\"M Studio podologia i kosmetyka\" \/>\n<meta property=\"article:publisher\" content=\"https:\/\/www.facebook.com\/profile.php?id=100072854056627\" \/>\n<meta property=\"article:modified_time\" content=\"2025-11-02T18:20:33+00:00\" \/>\n<meta property=\"og:image\" content=\"https:\/\/mstudio.rybnik.pl\/wp-content\/uploads\/2021\/08\/Mirka-profil-twarz-scaled.jpg\" \/>\n\t<meta property=\"og:image:width\" content=\"1842\" \/>\n\t<meta property=\"og:image:height\" content=\"2560\" \/>\n\t<meta property=\"og:image:type\" content=\"image\/jpeg\" \/>\n<meta name=\"twitter:card\" content=\"summary_large_image\" \/>\n<meta name=\"twitter:label1\" content=\"Szacowany czas czytania\" \/>\n\t<meta name=\"twitter:data1\" content=\"1 minuta\" \/>\n<script type=\"application\/ld+json\" class=\"yoast-schema-graph\">{\"@context\":\"https:\/\/schema.org\",\"@graph\":[{\"@type\":\"WebPage\",\"@id\":\"https:\/\/mstudio.rybnik.pl\/index.php\/dane-kontaktowe\/\",\"url\":\"https:\/\/mstudio.rybnik.pl\/index.php\/dane-kontaktowe\/\",\"name\":\"Kontakt - M Studio podologia i kosmetyka\",\"isPartOf\":{\"@id\":\"https:\/\/mstudio.rybnik.pl\/#website\"},\"primaryImageOfPage\":{\"@id\":\"https:\/\/mstudio.rybnik.pl\/index.php\/dane-kontaktowe\/#primaryimage\"},\"image\":{\"@id\":\"https:\/\/mstudio.rybnik.pl\/index.php\/dane-kontaktowe\/#primaryimage\"},\"thumbnailUrl\":\"https:\/\/mstudio.rybnik.pl\/wp-content\/uploads\/2021\/08\/Mirka-profil-twarz-216x300.jpg\",\"datePublished\":\"2021-08-27T10:09:28+00:00\",\"dateModified\":\"2025-11-02T18:20:33+00:00\",\"description\":\"Gabinet podologiczny M Studio Miros\u0142awa Brocka, ul. Kominka 43b, 44-217 Rybnik. tel. +48 515 711 312, mirka@mstudio.rybnik.pl\",\"breadcrumb\":{\"@id\":\"https:\/\/mstudio.rybnik.pl\/index.php\/dane-kontaktowe\/#breadcrumb\"},\"inLanguage\":\"pl-PL\",\"potentialAction\":[{\"@type\":\"ReadAction\",\"target\":[\"https:\/\/mstudio.rybnik.pl\/index.php\/dane-kontaktowe\/\"]}]},{\"@type\":\"ImageObject\",\"inLanguage\":\"pl-PL\",\"@id\":\"https:\/\/mstudio.rybnik.pl\/index.php\/dane-kontaktowe\/#primaryimage\",\"url\":\"https:\/\/mstudio.rybnik.pl\/wp-content\/uploads\/2021\/08\/Mirka-profil-twarz-216x300.jpg\",\"contentUrl\":\"https:\/\/mstudio.rybnik.pl\/wp-content\/uploads\/2021\/08\/Mirka-profil-twarz-216x300.jpg\"},{\"@type\":\"BreadcrumbList\",\"@id\":\"https:\/\/mstudio.rybnik.pl\/index.php\/dane-kontaktowe\/#breadcrumb\",\"itemListElement\":[{\"@type\":\"ListItem\",\"position\":1,\"name\":\"Strona g\u0142\u00f3wna\",\"item\":\"https:\/\/mstudio.rybnik.pl\/\"},{\"@type\":\"ListItem\",\"position\":2,\"name\":\"Kontakt\"}]},{\"@type\":\"WebSite\",\"@id\":\"https:\/\/mstudio.rybnik.pl\/#website\",\"url\":\"https:\/\/mstudio.rybnik.pl\/\",\"name\":\"M Studio\",\"description\":\"podologia, kosmetyka\",\"publisher\":{\"@id\":\"https:\/\/mstudio.rybnik.pl\/#organization\"},\"potentialAction\":[{\"@type\":\"SearchAction\",\"target\":{\"@type\":\"EntryPoint\",\"urlTemplate\":\"https:\/\/mstudio.rybnik.pl\/?s={search_term_string}\"},\"query-input\":{\"@type\":\"PropertyValueSpecification\",\"valueRequired\":true,\"valueName\":\"search_term_string\"}}],\"inLanguage\":\"pl-PL\"},{\"@type\":\"Organization\",\"@id\":\"https:\/\/mstudio.rybnik.pl\/#organization\",\"name\":\"M Studio Miros\u0142awa Brocka\",\"url\":\"https:\/\/mstudio.rybnik.pl\/\",\"logo\":{\"@type\":\"ImageObject\",\"inLanguage\":\"pl-PL\",\"@id\":\"https:\/\/mstudio.rybnik.pl\/#\/schema\/logo\/image\/\",\"url\":\"https:\/\/mstudio.rybnik.pl\/wp-content\/uploads\/2021\/09\/cropped-MStudio-biale-logo.png\",\"contentUrl\":\"https:\/\/mstudio.rybnik.pl\/wp-content\/uploads\/2021\/09\/cropped-MStudio-biale-logo.png\",\"width\":500,\"height\":293,\"caption\":\"M Studio Miros\u0142awa Brocka\"},\"image\":{\"@id\":\"https:\/\/mstudio.rybnik.pl\/#\/schema\/logo\/image\/\"},\"sameAs\":[\"https:\/\/www.facebook.com\/profile.php?id=100072854056627\",\"https:\/\/www.instagram.com\/m_studio_rybnik\/\"]}]}<\/script>\n<!-- \/ Yoast SEO plugin. -->","yoast_head_json":{"title":"Kontakt - M Studio podologia i kosmetyka","description":"Gabinet podologiczny M Studio Miros\u0142awa Brocka, ul. Kominka 43b, 44-217 Rybnik. tel. +48 515 711 312, mirka@mstudio.rybnik.pl","robots":{"index":"index","follow":"follow","max-snippet":"max-snippet:-1","max-image-preview":"max-image-preview:large","max-video-preview":"max-video-preview:-1"},"canonical":"https:\/\/mstudio.rybnik.pl\/index.php\/dane-kontaktowe\/","og_locale":"pl_PL","og_type":"article","og_title":"Kontakt - M Studio podologia i kosmetyka","og_description":"Gabinet podologiczny M Studio Miros\u0142awa Brocka, ul. Kominka 43b, 44-217 Rybnik. tel. +48 515 711 312, mirka@mstudio.rybnik.pl","og_url":"https:\/\/mstudio.rybnik.pl\/index.php\/dane-kontaktowe\/","og_site_name":"M Studio podologia i kosmetyka","article_publisher":"https:\/\/www.facebook.com\/profile.php?id=100072854056627","article_modified_time":"2025-11-02T18:20:33+00:00","og_image":[{"width":1842,"height":2560,"url":"https:\/\/mstudio.rybnik.pl\/wp-content\/uploads\/2021\/08\/Mirka-profil-twarz-scaled.jpg","type":"image\/jpeg"}],"twitter_card":"summary_large_image","twitter_misc":{"Szacowany czas czytania":"1 minuta"},"schema":{"@context":"https:\/\/schema.org","@graph":[{"@type":"WebPage","@id":"https:\/\/mstudio.rybnik.pl\/index.php\/dane-kontaktowe\/","url":"https:\/\/mstudio.rybnik.pl\/index.php\/dane-kontaktowe\/","name":"Kontakt - M Studio podologia i kosmetyka","isPartOf":{"@id":"https:\/\/mstudio.rybnik.pl\/#website"},"primaryImageOfPage":{"@id":"https:\/\/mstudio.rybnik.pl\/index.php\/dane-kontaktowe\/#primaryimage"},"image":{"@id":"https:\/\/mstudio.rybnik.pl\/index.php\/dane-kontaktowe\/#primaryimage"},"thumbnailUrl":"https:\/\/mstudio.rybnik.pl\/wp-content\/uploads\/2021\/08\/Mirka-profil-twarz-216x300.jpg","datePublished":"2021-08-27T10:09:28+00:00","dateModified":"2025-11-02T18:20:33+00:00","description":"Gabinet podologiczny M Studio Miros\u0142awa Brocka, ul. Kominka 43b, 44-217 Rybnik. tel. +48 515 711 312, mirka@mstudio.rybnik.pl","breadcrumb":{"@id":"https:\/\/mstudio.rybnik.pl\/index.php\/dane-kontaktowe\/#breadcrumb"},"inLanguage":"pl-PL","potentialAction":[{"@type":"ReadAction","target":["https:\/\/mstudio.rybnik.pl\/index.php\/dane-kontaktowe\/"]}]},{"@type":"ImageObject","inLanguage":"pl-PL","@id":"https:\/\/mstudio.rybnik.pl\/index.php\/dane-kontaktowe\/#primaryimage","url":"https:\/\/mstudio.rybnik.pl\/wp-content\/uploads\/2021\/08\/Mirka-profil-twarz-216x300.jpg","contentUrl":"https:\/\/mstudio.rybnik.pl\/wp-content\/uploads\/2021\/08\/Mirka-profil-twarz-216x300.jpg"},{"@type":"BreadcrumbList","@id":"https:\/\/mstudio.rybnik.pl\/index.php\/dane-kontaktowe\/#breadcrumb","itemListElement":[{"@type":"ListItem","position":1,"name":"Strona g\u0142\u00f3wna","item":"https:\/\/mstudio.rybnik.pl\/"},{"@type":"ListItem","position":2,"name":"Kontakt"}]},{"@type":"WebSite","@id":"https:\/\/mstudio.rybnik.pl\/#website","url":"https:\/\/mstudio.rybnik.pl\/","name":"M Studio","description":"podologia, kosmetyka","publisher":{"@id":"https:\/\/mstudio.rybnik.pl\/#organization"},"potentialAction":[{"@type":"SearchAction","target":{"@type":"EntryPoint","urlTemplate":"https:\/\/mstudio.rybnik.pl\/?s={search_term_string}"},"query-input":{"@type":"PropertyValueSpecification","valueRequired":true,"valueName":"search_term_string"}}],"inLanguage":"pl-PL"},{"@type":"Organization","@id":"https:\/\/mstudio.rybnik.pl\/#organization","name":"M Studio Miros\u0142awa Brocka","url":"https:\/\/mstudio.rybnik.pl\/","logo":{"@type":"ImageObject","inLanguage":"pl-PL","@id":"https:\/\/mstudio.rybnik.pl\/#\/schema\/logo\/image\/","url":"https:\/\/mstudio.rybnik.pl\/wp-content\/uploads\/2021\/09\/cropped-MStudio-biale-logo.png","contentUrl":"https:\/\/mstudio.rybnik.pl\/wp-content\/uploads\/2021\/09\/cropped-MStudio-biale-logo.png","width":500,"height":293,"caption":"M Studio Miros\u0142awa Brocka"},"image":{"@id":"https:\/\/mstudio.rybnik.pl\/#\/schema\/logo\/image\/"},"sameAs":["https:\/\/www.facebook.com\/profile.php?id=100072854056627","https:\/\/www.instagram.com\/m_studio_rybnik\/"]}]}},"_links":{"self":[{"href":"https:\/\/mstudio.rybnik.pl\/index.php\/wp-json\/wp\/v2\/pages\/50","targetHints":{"allow":["GET"]}}],"collection":[{"href":"https:\/\/mstudio.rybnik.pl\/index.php\/wp-json\/wp\/v2\/pages"}],"about":[{"href":"https:\/\/mstudio.rybnik.pl\/index.php\/wp-json\/wp\/v2\/types\/page"}],"author":[{"embeddable":true,"href":"https:\/\/mstudio.rybnik.pl\/index.php\/wp-json\/wp\/v2\/users\/1"}],"replies":[{"embeddable":true,"href":"https:\/\/mstudio.rybnik.pl\/index.php\/wp-json\/wp\/v2\/comments?post=50"}],"version-history":[{"count":134,"href":"https:\/\/mstudio.rybnik.pl\/index.php\/wp-json\/wp\/v2\/pages\/50\/revisions"}],"predecessor-version":[{"id":991,"href":"https:\/\/mstudio.rybnik.pl\/index.php\/wp-json\/wp\/v2\/pages\/50\/revisions\/991"}],"wp:attachment":[{"href":"https:\/\/mstudio.rybnik.pl\/index.php\/wp-json\/wp\/v2\/media?parent=50"}],"curies":[{"name":"wp","href":"https:\/\/api.w.org\/{rel}","templated":true}]}}